{"id":1250,"date":"2024-12-05T08:55:14","date_gmt":"2024-12-05T07:55:14","guid":{"rendered":"https:\/\/www.physiotherapie-oberengstringen.ch\/protezione-dei-dati\/"},"modified":"2024-12-05T12:44:54","modified_gmt":"2024-12-05T11:44:54","slug":"protezione-dei-dati","status":"publish","type":"page","link":"https:\/\/www.physiotherapie-oberengstringen.ch\/it\/protezione-dei-dati\/","title":{"rendered":"Protezione dei dati"},"content":{"rendered":"\t\t<div data-elementor-type=\"wp-page\" data-elementor-id=\"1250\" class=\"elementor elementor-1250 elementor-1014\" data-elementor-post-type=\"page\">\n\t\t\t\t<div class=\"elementor-element elementor-element-7092756 e-flex e-con-boxed e-con e-parent\" data-id=\"7092756\" data-element_type=\"container\" data-e-type=\"container\">\n\t\t\t\t\t<div class=\"e-con-inner\">\n\t\t\t\t<div class=\"elementor-element elementor-element-e2c723c elementor-widget elementor-widget-text-editor\" data-id=\"e2c723c\" data-element_type=\"widget\" data-e-type=\"widget\" data-widget_type=\"text-editor.default\">\n\t\t\t\t<div class=\"elementor-widget-container\">\n\t\t\t\t\t\t\t\t\t<h1>Informativa sulla privacy<\/h1>\n<p>La protezione e la sicurezza dei dati sono importanti per Physiotherapie Hillenaar + Laux (\u201cPhysiotherapie Hillenaar + Laux\u201d; \u201cnoi\u201d). Trattiamo i vostri dati personali in modo responsabile, in conformit\u00e0 alle disposizioni di legge applicabili e in conformit\u00e0 alla presente informativa sulla privacy. <\/p>\n<h4>Contenuto della presente informativa sulla privacy<\/h4>\n<p>In questa informativa sulla privacy, vi informiamo su come e perch\u00e9 raccogliamo ed elaboriamo i vostri dati personali quando chiedete informazioni sulla nostra gamma di servizi, vi candidate per un lavoro presso di noi o utilizzate i nostri servizi.<\/p>\n<h4>Responsabile del trattamento dei dati<\/h4>\n<p>Physiotherapie Hillenaar + Laux \u00e8 responsabile del trattamento dei dati descritto nella presente informativa sulla privacy.<br>Per qualsiasi domanda o per esercitare i propri diritti in qualit\u00e0 di soggetto interessato ai sensi della legge sulla protezione dei dati, si prega di contattarci all&#8217;indirizzo info@physiotherapie-oberengstringen.ch<br>o scrivere a:<\/p>\n<p><b>Physiotherapie Hillenaar + Laux<br><\/b>Kirchweg 127<br>8102 Oberengstringen<\/p>\n<p><\/p>\n<h3>Fornitura di servizi sanitari<\/h3>\n<div>&nbsp;<\/div>\n<h4>Datenerfassung im Rahmen der Erbringung von Gesundheitsleistungen in der Praxis<\/h4>\n<p>In relazione al trattamento del paziente presso il nostro studio, trattiamo dati personali generali e dati sanitari. Nei moduli di ammissione come paziente (fisici o digitali), il paziente ci fornisce i dati personali generali (in particolare il suo nome e i suoi dati di contatto). Inoltre, ci fornite i dati dei medici che vi hanno in cura e le vostre polizze assicurative. Possiamo accedere ad alcuni di questi dati personali (dati anagrafici del paziente) anche direttamente tramite la vostra tessera assicurativa o il database della vostra compagnia assicurativa. Trattiamo i vostri dati sanitari nell&#8217;ambito della fornitura di servizi. Ci\u00f2 include<br>Informazioni sullo stato di salute passato o attuale, sui progressi della fisioterapia e della terapia, nonch\u00e9 sull&#8217;utilizzo e la fatturazione di servizi sanitari supplementari. I dati sanitari (sotto forma di testo, immagini, suoni o video) vengono raccolti o creati dai nostri terapisti durante gli esami o i trattamenti nello studio. Riceviamo inoltre dati sanitari dai medici che ci hanno indirizzato il paziente o che lo hanno trattato in precedenza.       <\/p>\n<p><\/p>\n<h3>Comunicazione con voi, informazioni e altri servizi<\/h3>\n<div>&nbsp;<\/div>\n<h4>Dati personali trattati durante la comunicazione<\/h4>\n<p>Quando ci contattate via e-mail o telefono, inviate feedback o richieste di informazioni tramite il modulo di feedback sul sito web, vi candidate per un lavoro o vi iscrivete alla fisioterapia, a un consulto, ai nostri eventi o corsi, raccogliamo le informazioni che ci fornite.<br>Queste includono dati personali generali come nome, cognome, indirizzo e-mail e numero di telefono. Se offriamo la possibilit\u00e0 di prenotare un appuntamento online, raccogliamo i dati personali che ci fornite per gestire la prenotazione dell&#8217;appuntamento.<br>Potete utilizzare il nostro modulo di feedback per fornire informazioni sul motivo della vostra fisioterapia. La fornitura di feedback e di dati sulla salute in questo contesto \u00e8 sempre volontaria. Quando vi candidate per un lavoro, raccogliamo il vostro CV e altre informazioni sulle vostre qualifiche, che ci inviate come parte del vostro dossier di candidatura.   <\/p>\n<p><\/p>\n<h4>Messa a disposizione e utilizzo del sito web e del portale online<\/h4>\n<p><b>Utilizzo per informazioni<\/b><br>Potete utilizzare il sito web per informarvi sulla fisioterapia Hillenaar + Laux e sulla nostra gamma di servizi senza doverci dire chi siete. Come per qualsiasi connessione a un server web, il server sul quale abbiamo messo a disposizione il sito web e il portale online registra e memorizza automaticamente alcuni dati tecnici per un breve periodo di tempo. Questi includono l&#8217;indirizzo IP e il sistema operativo del vostro dispositivo, la data e l&#8217;ora di utilizzo e il tipo di browser che utilizzate per accedere al sito web o al portale online.  <br><b>Utilizzo del nostro portale online<\/b><br>Per facilitare la comunicazione e l&#8217;amministrazione con noi, vi offriamo un portale online (\u201cportale del paziente\u201d). Quando compilate un modulo attraverso il portale online o vi registrate come utente sul portale online, raccogliamo le informazioni che ci fornite. Si tratta di dati personali generali, come il nome e i dati di contatto, nonch\u00e9 dei dati personali inseriti, caricati, generati, salvati ed elaborati durante l&#8217;utilizzo del portale online. La fornitura di dati sanitari in questo contesto \u00e8 sempre volontaria. Se non si forniscono i dati sanitari, potrebbe non essere possibile utilizzare correttamente tutte le funzioni.    <br><b>Analisi web<\/b><br>Utilizziamo servizi di analisi web (attualmente Google Analytics) per valutare l&#8217;utilizzo del sito web e ottenere informazioni per la sua ottimizzazione. I servizi di analisi web da noi utilizzati raccolgono e memorizzano i dati dell&#8217;utente tramite cookie. Prima di essere trasmessi a un server al di fuori della Svizzera\/UE\/SEE, gli indirizzi IP dei richiedenti vengono troncati. Pertanto, non trasmettiamo alcun dato personale ai fornitori di servizi di analisi web all&#8217;estero.<br>Inoltre, utilizziamo i cookie per analizzare l&#8217;uso del sito web e ottenere informazioni per ottimizzare il sito.   &nbsp;<br><b>Nota sull&#8217;uso dei cookie<\/b><br>Sul sito web utilizziamo cookie, tag e tecnologie simili per offrirvi la migliore esperienza utente possibile e per aiutarci a migliorare il sito. I cookie sono file di testo che vengono scaricati sul vostro computer o dispositivo mobile quando visitate un sito web o utilizzate un&#8217;applicazione.<br>Alcuni dei cookie che utilizziamo sono necessari per fornire alcune funzioni del sito web. Inoltre, utilizziamo i cookie per analizzare l&#8217;uso del sito web e ottenere informazioni per ottimizzare il sito. Potete indicare al vostro browser di non accettare i cookie o di chiedervi ogni volta di impostarne uno. Potete anche eliminare i cookie dal vostro dispositivo utilizzando la funzione corrispondente del vostro browser.    <\/p>\n<p><\/p>\n<h4>Utilizzo delle nostre pagine aziendali sui social media<\/h4>\n<p>Sulle nostre pagine aziendali nei social media troverete post sugli sviluppi attuali della Physiotherapie Hillenaar + Laux e sulla nostra gamma di servizi. I fornitori di social media raccolgono e analizzano i dati di utilizzo, come il numero di visitatori e le informazioni demografiche sui visitatori delle nostre pagine aziendali. Sulla base di questi dati riceviamo analisi dai fornitori di social media. Queste contengono solo dati aggregati o comunque sufficientemente anonimizzati. Solo il rispettivo provider pu\u00f2 identificarvi sulla base dei dati di utilizzo raccolti. Si prega pertanto di osservare le informazioni sulla protezione dei dati del rispettivo provider.     <\/p>\n<p><\/p>\n<h4>Utilizzo e ottimizzazione della nostra newsletter<\/h4>\n<p>Se siete interessati alla nostra newsletter, raccogliamo le informazioni che ci fornite. Si tratta di dati personali generali come il nome, il cognome e l&#8217;indirizzo e-mail. Potete comunicarci in qualsiasi momento che non desiderate pi\u00f9 ricevere la nostra newsletter o altre informazioni generali in futuro. Per farlo, utilizzate il link di cancellazione&nbsp; alla fine della newsletter.   <\/p>\n<p><\/p>\n<h3>Il nostro trattamento dei dati personali e i vostri diritti<\/h3>\n<div>&nbsp;<\/div>\n<h4>Per quali finalit\u00e0 trattiamo i vostri dati personali e su quale base<\/h4>\n<p>Trattiamo i vostri dati personali principalmente per informarvi sulla nostra gamma di servizi e per fornire, documentare e fatturare i nostri servizi in conformit\u00e0 ai nostri obblighi contrattuali e legali. Trattiamo inoltre i vostri dati personali per i seguenti scopi: <\/p>\n<ul>\n<li>Rispondere alle vostre richieste e comunicare con voi<\/li>\n<li>Elaborazione della richiesta di registrazione o di appuntamento<\/li>\n<li>scopi di formazione e perfezionamento (per cui anonimizziamo le descrizioni dei casi per uso non interno)<\/li>\n<li>Rispondere ed elaborare le domande<\/li>\n<li>Valutazione e ottimizzazione dei nostri servizi<\/li>\n<li>Analisi e ottimizzazione dell&#8217;utilizzo del sito web e del portale online<\/li>\n<li>Informazioni su nuovi sviluppi e offerte da parte nostra (ad esempio tramite la nostra newsletter; potete informarci in qualsiasi momento che non desiderate ricevere tali informazioni in futuro)<\/li>\n<li>Ottimizzazione dei nostri post sulle pagine dei social media aziendali<\/li>\n<li>Adempimento di obblighi legali<\/li>\n<li>Esecuzione delle richieste legali<\/li>\n<\/ul>\n<p>In quanto fornitore di servizi sanitari regolamentati, siamo obbligati per legge a documentare i nostri servizi e a fatturarli in modo tracciabile. Dobbiamo inoltre trattare i tuoi dati personali (compresi i dati sanitari) al fine di adempiere al contratto di cura con te. Siamo inoltre soggetti agli obblighi di conservazione previsti dalla legge. Per quanto riguarda le altre finalit\u00e0 di trattamento menzionate, abbiamo un interesse legittimo a trattare i tuoi dati personali in conformit\u00e0 alle finalit\u00e0.<br>Su questa base, trattiamo i tuoi dati personali se e nella misura in cui la legge applicabile in materia di protezione dei dati richiede una base giuridica o una giustificazione per la liceit\u00e0 del trattamento dei dati in generale o per attivit\u00e0 di trattamento specifiche.    <\/p>\n<p><\/p>\n<h4>Come conserviamo e proteggiamo i tuoi dati personali<\/h4>\n<p>Conserviamo i tuoi dati personali solo nella misura e per il tempo necessario a soddisfare gli scopi descritti nella presente informativa sulla privacy o a rispettare gli obblighi di legge. Nell&#8217;interesse dell&#8217;integrit\u00e0 e della riservatezza dei dati personali, adottiamo misure tecniche e organizzative adeguate. In particolare, implementiamo controlli di accesso, controlli di accesso e procedure per rivedere, valutare e valutare regolarmente l&#8217;efficacia delle misure in conformit\u00e0 con la nostra valutazione dei rischi.  <\/p>\n<p><\/p>\n<h4>A chi trasmettiamo i tuoi dati personali<\/h4>\n<p>Condividiamo i tuoi dati personali generali e i tuoi dati sanitari con le seguenti categorie di destinatari:<\/p><p><\/p><ul><li>internamente agli operatori sanitari che ti assistono e curano nel nostro studio<\/li><li>a medici o altri operatori sanitari esterni e istituzioni coinvolte nel tuo trattamento (ad esempio, ospedali).<\/li><li>La tua assicurazione sanitaria, infortuni o integrativa.<\/li><\/ul>Questo trasferimento di dati \u00e8 necessario per poter fornire, documentare e fatturare i nostri servizi in modo professionale e in conformit\u00e0 ai nostri obblighi contrattuali e legali. A meno che non ci informiate diversamente, presumiamo che acconsentiate allo scambio di rapporti e altre informazioni sul vostro stato di salute con gli operatori sanitari coinvolti nel vostro trattamento. Trasmettiamo inoltre i vostri dati personali alle seguenti categorie di destinatari sulla base di obblighi legali o contrattuali, per la fornitura e la fatturazione dei nostri servizi o nel vostro interesse riconoscibile: fornitori di servizi esterni e, se del caso, rappresentanti legali, autorit\u00e0 e tribunali.   <p><\/p>\n<h4>Luogo di lavorazione<\/h4>\n<p>Conserviamo ed elaboriamo i vostri dati personali principalmente in Svizzera e nell&#8217;UE. Per alcuni servizi aggiuntivi (ad es. le newsletter) utilizziamo anche fornitori di servizi che elaborano i vostri dati personali negli Stati Uniti. Trasferiamo i dati negli Stati Uniti sulla base di clausole standard di protezione dei dati o di altri meccanismi di trasferimento validi (ad esempio, la necessit\u00e0 di adempiere a un contratto), disponibili in conformit\u00e0 alle leggi sulla protezione dei dati applicabili.  <\/p>\n<p><\/p>\n<h4>I vostri diritti in relazione ai vostri dati personali<\/h4>\n<p>L&#8217;utente ha i seguenti diritti in relazione ai dati personali che lo riguardano:<\/p><p><\/p><ul><li>Il diritto di ricevere informazioni su quali dati personali conserviamo su di voi e su come li trattiamo.<\/li><li>Il diritto di ricevere o trasferire una copia dei propri dati personali in un formato di uso comune<\/li><li>Diritto di rettifica dei dati personali<\/li><li>Diritto alla cancellazione dei dati personali<\/li><li>Diritto di opporsi al trattamento dei propri dati personali<\/li><\/ul>Si prega di notare che a questi diritti si applicano i requisiti legali e le eccezioni. Nella misura consentita dalla legge, possiamo rifiutare la vostra richiesta di esercitare tali diritti. L&#8217;utente ha inoltre il diritto di presentare un reclamo all&#8217;Incaricato federale della protezione dei dati e delle informazioni (FDPIC).   <p><\/p>\n<h4>Come possiamo modificare la presente informativa sulla privacy<\/h4>\n<p>Possiamo modificare la presente informativa sulla privacy in qualsiasi momento, in particolare se modifichiamo il trattamento dei dati o se si applica una nuova legislazione. In ogni caso si applica la versione fornita sul nostro sito web. <\/p>\n<p><\/p>\n<p><b>Physiotherapie Hillenaar + Laux<br><\/b>Kirchweg 127<br>8102 Oberengstringen<\/p>\n<p><\/p>\n<p><i>Qualsiasi riproduzione, distribuzione o altro utilizzo di questa informativa sulla privacy \u00e8 vietato e consentito solo con l&#8217;espresso consenso scritto dell&#8217;autore. L&#8217;autore si riserva il diritto di intraprendere azioni legali in caso di violazione di questa disposizione. <\/i><\/p>\t\t\t\t\t\t\t\t<\/div>\n\t\t\t\t<\/div>\n\t\t\t\t\t<\/div>\n\t\t\t\t<\/div>\n\t\t\t\t<\/div>\n\t\t","protected":false},"excerpt":{"rendered":"<p>Informativa sulla privacy La protezione e la sicurezza dei dati sono importanti per Physiotherapie Hillenaar + Laux (\u201cPhysiotherapie Hillenaar + Laux\u201d; \u201cnoi\u201d). Trattiamo i vostri dati<span class=\"excerpt-hellip\"> [\u2026]<\/span><\/p>\n","protected":false},"author":3,"featured_media":0,"parent":0,"menu_order":0,"comment_status":"closed","ping_status":"closed","template":"","meta":{"_acf_changed":false,"inline_featured_image":false,"_joinchat":[],"footnotes":""},"class_list":["post-1250","page","type-page","status-publish","hentry"],"acf":[],"_links":{"self":[{"href":"https:\/\/www.physiotherapie-oberengstringen.ch\/it\/wp-json\/wp\/v2\/pages\/1250","targetHints":{"allow":["GET"]}}],"collection":[{"href":"https:\/\/www.physiotherapie-oberengstringen.ch\/it\/wp-json\/wp\/v2\/pages"}],"about":[{"href":"https:\/\/www.physiotherapie-oberengstringen.ch\/it\/wp-json\/wp\/v2\/types\/page"}],"author":[{"embeddable":true,"href":"https:\/\/www.physiotherapie-oberengstringen.ch\/it\/wp-json\/wp\/v2\/users\/3"}],"replies":[{"embeddable":true,"href":"https:\/\/www.physiotherapie-oberengstringen.ch\/it\/wp-json\/wp\/v2\/comments?post=1250"}],"version-history":[{"count":0,"href":"https:\/\/www.physiotherapie-oberengstringen.ch\/it\/wp-json\/wp\/v2\/pages\/1250\/revisions"}],"wp:attachment":[{"href":"https:\/\/www.physiotherapie-oberengstringen.ch\/it\/wp-json\/wp\/v2\/media?parent=1250"}],"curies":[{"name":"wp","href":"https:\/\/api.w.org\/{rel}","templated":true}]}}